{"id":55,"date":"2021-10-08T11:39:46","date_gmt":"2021-10-08T09:39:46","guid":{"rendered":"http:\/\/www.kaese-wein-und-mehr.de\/?page_id=55"},"modified":"2021-12-12T17:27:59","modified_gmt":"2021-12-12T16:27:59","slug":"home","status":"publish","type":"page","link":"http:\/\/www.kaese-wein-und-mehr.de\/","title":{"rendered":"Home"},"content":{"rendered":"","protected":false},"excerpt":{"rendered":"","protected":false},"author":1,"featured_media":0,"parent":0,"menu_order":0,"comment_status":"closed","ping_status":"closed","template":"","meta":{"footnotes":""},"class_list":["post-55","page","type-page","status-publish","hentry"],"yoast_head":"<!-- This site is optimized with the Yoast SEO plugin v25.6 - https:\/\/yoast.com\/wordpress\/plugins\/seo\/ -->\n<title>K\u00c4SE, WEIN &amp; mehr<\/title>\n<meta name=\"description\" content=\"Willkommen im kleinsten Kaufhaus Hamburgs. Unser Delikatessengesch\u00e4ft in der Erikastra\u00dfe 58 bietet neben 250 K\u00e4sesorten, auch Kaffee, Wein, franz\u00f6sische Limonaden, besondere Biere aus Bayern, Oliven\u00f6le und italienische Spezialit\u00e4ten. Sie k\u00f6nnen bei uns auch hausgemachte Panini und Kaffee-Spezialit\u00e4ten genie\u00dfen.\" \/>\n<meta name=\"robots\" content=\"index, follow, max-snippet:-1, max-image-preview:large, max-video-preview:-1\" \/>\n<link rel=\"canonical\" href=\"http:\/\/www.kaese-wein-und-mehr.de\/\" \/>\n<meta property=\"og:locale\" content=\"de_DE\" \/>\n<meta property=\"og:type\" content=\"article\" \/>\n<meta property=\"og:title\" content=\"K\u00c4SE, WEIN &amp; mehr - Delikatessengesch\u00e4ft in Hamburg Eppendorf\" \/>\n<meta property=\"og:description\" content=\"Willkommen im kleinsten Kaufhaus Hamburgs. Unser Delikatessengesch\u00e4ft in der Erikastra\u00dfe 58 bietet neben 250 K\u00e4sesorten, auch Kaffee, Wein, franz\u00f6sische Limonaden, besondere Biere aus Bayern, Oliven\u00f6le und italienische Spezialit\u00e4ten.\" \/>\n<meta property=\"og:url\" content=\"http:\/\/www.kaese-wein-und-mehr.de\/\" \/>\n<meta property=\"og:site_name\" content=\"K\u00c4SE, WEIN &amp; mehr\" \/>\n<meta property=\"article:modified_time\" content=\"2021-12-12T16:27:59+00:00\" \/>\n<meta property=\"og:image\" content=\"http:\/\/www.kaese-wein-und-mehr.de\/wp-content\/uploads\/2021\/06\/logo.gif\" \/>\n\t<meta property=\"og:image:width\" content=\"200\" \/>\n\t<meta property=\"og:image:height\" content=\"115\" \/>\n\t<meta property=\"og:image:type\" content=\"image\/gif\" \/>\n<meta name=\"twitter:card\" content=\"summary_large_image\" \/>\n<script type=\"application\/ld+json\" class=\"yoast-schema-graph\">{\"@context\":\"https:\/\/schema.org\",\"@graph\":[{\"@type\":\"WebPage\",\"@id\":\"http:\/\/www.kaese-wein-und-mehr.de\/\",\"url\":\"http:\/\/www.kaese-wein-und-mehr.de\/\",\"name\":\"K\u00c4SE, WEIN &amp; mehr\",\"isPartOf\":{\"@id\":\"http:\/\/www.kaese-wein-und-mehr.de\/#website\"},\"datePublished\":\"2021-10-08T09:39:46+00:00\",\"dateModified\":\"2021-12-12T16:27:59+00:00\",\"description\":\"Willkommen im kleinsten Kaufhaus Hamburgs. Unser Delikatessengesch\u00e4ft in der Erikastra\u00dfe 58 bietet neben 250 K\u00e4sesorten, auch Kaffee, Wein, franz\u00f6sische Limonaden, besondere Biere aus Bayern, Oliven\u00f6le und italienische Spezialit\u00e4ten. Sie k\u00f6nnen bei uns auch hausgemachte Panini und Kaffee-Spezialit\u00e4ten genie\u00dfen.\",\"breadcrumb\":{\"@id\":\"http:\/\/www.kaese-wein-und-mehr.de\/#breadcrumb\"},\"inLanguage\":\"de\",\"potentialAction\":[{\"@type\":\"ReadAction\",\"target\":[\"http:\/\/www.kaese-wein-und-mehr.de\/\"]}]},{\"@type\":\"BreadcrumbList\",\"@id\":\"http:\/\/www.kaese-wein-und-mehr.de\/#breadcrumb\",\"itemListElement\":[{\"@type\":\"ListItem\",\"position\":1,\"name\":\"Startseite\",\"item\":\"http:\/\/www.kaese-wein-und-mehr.de\/\"},{\"@type\":\"ListItem\",\"position\":2,\"name\":\"Home\"}]},{\"@type\":\"WebSite\",\"@id\":\"http:\/\/www.kaese-wein-und-mehr.de\/#website\",\"url\":\"http:\/\/www.kaese-wein-und-mehr.de\/\",\"name\":\"K\u00c4SE, WEIN &amp; mehr\",\"description\":\"Delikatessengesch\u00e4ft in Hamburg Eppendorf\",\"potentialAction\":[{\"@type\":\"SearchAction\",\"target\":{\"@type\":\"EntryPoint\",\"urlTemplate\":\"http:\/\/www.kaese-wein-und-mehr.de\/?s={search_term_string}\"},\"query-input\":{\"@type\":\"PropertyValueSpecification\",\"valueRequired\":true,\"valueName\":\"search_term_string\"}}],\"inLanguage\":\"de\"}]}<\/script>\n<!-- \/ Yoast SEO plugin. -->","yoast_head_json":{"title":"K\u00c4SE, WEIN &amp; mehr","description":"Willkommen im kleinsten Kaufhaus Hamburgs. Unser Delikatessengesch\u00e4ft in der Erikastra\u00dfe 58 bietet neben 250 K\u00e4sesorten, auch Kaffee, Wein, franz\u00f6sische Limonaden, besondere Biere aus Bayern, Oliven\u00f6le und italienische Spezialit\u00e4ten. Sie k\u00f6nnen bei uns auch hausgemachte Panini und Kaffee-Spezialit\u00e4ten genie\u00dfen.","robots":{"index":"index","follow":"follow","max-snippet":"max-snippet:-1","max-image-preview":"max-image-preview:large","max-video-preview":"max-video-preview:-1"},"canonical":"http:\/\/www.kaese-wein-und-mehr.de\/","og_locale":"de_DE","og_type":"article","og_title":"K\u00c4SE, WEIN & mehr - Delikatessengesch\u00e4ft in Hamburg Eppendorf","og_description":"Willkommen im kleinsten Kaufhaus Hamburgs. Unser Delikatessengesch\u00e4ft in der Erikastra\u00dfe 58 bietet neben 250 K\u00e4sesorten, auch Kaffee, Wein, franz\u00f6sische Limonaden, besondere Biere aus Bayern, Oliven\u00f6le und italienische Spezialit\u00e4ten.","og_url":"http:\/\/www.kaese-wein-und-mehr.de\/","og_site_name":"K\u00c4SE, WEIN &amp; mehr","article_modified_time":"2021-12-12T16:27:59+00:00","og_image":[{"width":200,"height":115,"url":"http:\/\/www.kaese-wein-und-mehr.de\/wp-content\/uploads\/2021\/06\/logo.gif","type":"image\/gif"}],"twitter_card":"summary_large_image","schema":{"@context":"https:\/\/schema.org","@graph":[{"@type":"WebPage","@id":"http:\/\/www.kaese-wein-und-mehr.de\/","url":"http:\/\/www.kaese-wein-und-mehr.de\/","name":"K\u00c4SE, WEIN &amp; mehr","isPartOf":{"@id":"http:\/\/www.kaese-wein-und-mehr.de\/#website"},"datePublished":"2021-10-08T09:39:46+00:00","dateModified":"2021-12-12T16:27:59+00:00","description":"Willkommen im kleinsten Kaufhaus Hamburgs. Unser Delikatessengesch\u00e4ft in der Erikastra\u00dfe 58 bietet neben 250 K\u00e4sesorten, auch Kaffee, Wein, franz\u00f6sische Limonaden, besondere Biere aus Bayern, Oliven\u00f6le und italienische Spezialit\u00e4ten. Sie k\u00f6nnen bei uns auch hausgemachte Panini und Kaffee-Spezialit\u00e4ten genie\u00dfen.","breadcrumb":{"@id":"http:\/\/www.kaese-wein-und-mehr.de\/#breadcrumb"},"inLanguage":"de","potentialAction":[{"@type":"ReadAction","target":["http:\/\/www.kaese-wein-und-mehr.de\/"]}]},{"@type":"BreadcrumbList","@id":"http:\/\/www.kaese-wein-und-mehr.de\/#breadcrumb","itemListElement":[{"@type":"ListItem","position":1,"name":"Startseite","item":"http:\/\/www.kaese-wein-und-mehr.de\/"},{"@type":"ListItem","position":2,"name":"Home"}]},{"@type":"WebSite","@id":"http:\/\/www.kaese-wein-und-mehr.de\/#website","url":"http:\/\/www.kaese-wein-und-mehr.de\/","name":"K\u00c4SE, WEIN &amp; mehr","description":"Delikatessengesch\u00e4ft in Hamburg Eppendorf","potentialAction":[{"@type":"SearchAction","target":{"@type":"EntryPoint","urlTemplate":"http:\/\/www.kaese-wein-und-mehr.de\/?s={search_term_string}"},"query-input":{"@type":"PropertyValueSpecification","valueRequired":true,"valueName":"search_term_string"}}],"inLanguage":"de"}]}},"_links":{"self":[{"href":"http:\/\/www.kaese-wein-und-mehr.de\/index.php?rest_route=\/wp\/v2\/pages\/55","targetHints":{"allow":["GET"]}}],"collection":[{"href":"http:\/\/www.kaese-wein-und-mehr.de\/index.php?rest_route=\/wp\/v2\/pages"}],"about":[{"href":"http:\/\/www.kaese-wein-und-mehr.de\/index.php?rest_route=\/wp\/v2\/types\/page"}],"author":[{"embeddable":true,"href":"http:\/\/www.kaese-wein-und-mehr.de\/index.php?rest_route=\/wp\/v2\/users\/1"}],"replies":[{"embeddable":true,"href":"http:\/\/www.kaese-wein-und-mehr.de\/index.php?rest_route=%2Fwp%2Fv2%2Fcomments&post=55"}],"version-history":[{"count":1,"href":"http:\/\/www.kaese-wein-und-mehr.de\/index.php?rest_route=\/wp\/v2\/pages\/55\/revisions"}],"predecessor-version":[{"id":56,"href":"http:\/\/www.kaese-wein-und-mehr.de\/index.php?rest_route=\/wp\/v2\/pages\/55\/revisions\/56"}],"wp:attachment":[{"href":"http:\/\/www.kaese-wein-und-mehr.de\/index.php?rest_route=%2Fwp%2Fv2%2Fmedia&parent=55"}],"curies":[{"name":"wp","href":"https:\/\/api.w.org\/{rel}","templated":true}]}}